{"id":169,"date":"2022-05-23T23:27:27","date_gmt":"2022-05-23T21:27:27","guid":{"rendered":"https:\/\/miwe.sytes.net\/miwe\/?post_type=product&#038;p=169"},"modified":"2022-05-23T23:27:27","modified_gmt":"2022-05-23T21:27:27","slug":"auftragsanfrage","status":"publish","type":"product","link":"https:\/\/miwe.sytes.net\/miwe\/produkt\/auftragsanfrage\/","title":{"rendered":"Auftragsanfrage"},"content":{"rendered":"<p>Hier ist die M\u00f6glichkeit f\u00fcr eine Anfrage die nicht \u00fcbers System gef\u00fchrt wird<\/p>\n","protected":false},"excerpt":{"rendered":"<p>Hier ist die M\u00f6glichkeit f\u00fcr eine Anfrage die nicht \u00fcbers System gef\u00fchrt wird<\/p>\n","protected":false},"featured_media":0,"template":"","meta":{"_et_pb_use_builder":"","_et_pb_old_content":"","_et_gb_content_width":""},"product_brand":[],"product_cat":[23],"product_tag":[],"class_list":{"0":"post-169","1":"product","2":"type-product","3":"status-publish","5":"product_cat-angebot","6":"tm-has-options","8":"first","9":"instock","10":"shipping-taxable","11":"purchasable","12":"product-type-simple"},"_links":{"self":[{"href":"https:\/\/miwe.sytes.net\/miwe\/wp-json\/wp\/v2\/product\/169","targetHints":{"allow":["GET"]}}],"collection":[{"href":"https:\/\/miwe.sytes.net\/miwe\/wp-json\/wp\/v2\/product"}],"about":[{"href":"https:\/\/miwe.sytes.net\/miwe\/wp-json\/wp\/v2\/types\/product"}],"wp:attachment":[{"href":"https:\/\/miwe.sytes.net\/miwe\/wp-json\/wp\/v2\/media?parent=169"}],"wp:term":[{"taxonomy":"product_brand","embeddable":true,"href":"https:\/\/miwe.sytes.net\/miwe\/wp-json\/wp\/v2\/product_brand?post=169"},{"taxonomy":"product_cat","embeddable":true,"href":"https:\/\/miwe.sytes.net\/miwe\/wp-json\/wp\/v2\/product_cat?post=169"},{"taxonomy":"product_tag","embeddable":true,"href":"https:\/\/miwe.sytes.net\/miwe\/wp-json\/wp\/v2\/product_tag?post=169"}],"curies":[{"name":"wp","href":"https:\/\/api.w.org\/{rel}","templated":true}]}}